{"id":8,"date":"2020-02-08T15:09:35","date_gmt":"2020-02-08T14:09:35","guid":{"rendered":"http:\/\/culinotopia.com\/?page_id=8"},"modified":"2022-05-30T13:39:13","modified_gmt":"2022-05-30T11:39:13","slug":"accueil","status":"publish","type":"page","link":"https:\/\/culinotopia.com\/","title":{"rendered":"Accueil"},"content":{"rendered":"<p>Ce site est parti d\u2019une envie de pouvoir garder une trace des recettes que je mitonne avec amour pour ma petite tribu, en gardant en m\u00e9moire qui a aim\u00e9 ou pas, ce que j\u2019ai envie de rajouter ou enlever \u00e0 la recette pour qu\u2019elle soit encore plus gourmande ou pour explorer une nouvelle saveur.<\/p>\n<p>Cela fait plus de 2 ans aujourd&rsquo;hui que je l&rsquo;alimente avec mes recettes, et je pense qu&rsquo;il est temps maintenant de le rendre public pour partager ma passion de la cuisine.<\/p>\n<p>Au fait, qui suis-je? Je m&rsquo;appelle C\u00e9line, j&rsquo;ai 43 ans, je suis mari\u00e9e, maman de 2 enfants de 6 et 9 ans, et de 3 chats qui sont n\u00e9s \u00e0 la maison et nous suivent au gr\u00e9 de nos nombreux d\u00e9m\u00e9nagements d&rsquo;une r\u00e9gion \u00e0 l&rsquo;autre, ou parfois d&rsquo;un pays \u00e0 l&rsquo;autre.<\/p>\n<p>Dans ma cuisine, rien de tr\u00e8s compliqu\u00e9, des plats savoureux, souvent de saison, plus ou moins riches selon les envies (et ma balance), beaucoup de g\u00e2teaux et de biscuits. J&rsquo;aime la cuisine fran\u00e7aise (on est quand m\u00eame bien g\u00e2t\u00e9s, non?), mais aussi la cuisine indienne, italienne et celle du Moyen-Orient. Apr\u00e8s, je suis curieuse et ne refuse jamais de go\u00fbter de nouvelles saveurs!<\/p>\n<p>Alors, bonne visite et bon app\u00e9tit!<\/p>\n","protected":false},"excerpt":{"rendered":"<p>Ce site est parti d\u2019une envie de pouvoir garder une trace des recettes que je mitonne avec amour pour ma petite tribu, en gardant en m\u00e9moire qui a aim\u00e9 ou pas, ce que j\u2019ai envie de rajouter ou enlever \u00e0 la recette pour qu\u2019elle soit encore plus gourmande ou pour explorer une nouvelle saveur. Cela &hellip; <\/p>\n<p class=\"link-more\"><a href=\"https:\/\/culinotopia.com\/\" class=\"more-link\">Continuer la lecture<span class=\"screen-reader-text\"> de &laquo;&nbsp;Accueil&nbsp;&raquo;<\/span><\/a><\/p>\n","protected":false},"author":1,"featured_media":37,"parent":0,"menu_order":0,"comment_status":"closed","ping_status":"closed","template":"","meta":{"om_disable_all_campaigns":false,"wprm-recipe-roundup-name":"","wprm-recipe-roundup-description":"","_monsterinsights_skip_tracking":false,"_monsterinsights_sitenote_active":false,"_monsterinsights_sitenote_note":"","_monsterinsights_sitenote_category":0,"footnotes":""},"class_list":["post-8","page","type-page","status-publish","has-post-thumbnail","hentry"],"aioseo_notices":[],"_links":{"self":[{"href":"https:\/\/culinotopia.com\/index.php\/wp-json\/wp\/v2\/pages\/8","targetHints":{"allow":["GET"]}}],"collection":[{"href":"https:\/\/culinotopia.com\/index.php\/wp-json\/wp\/v2\/pages"}],"about":[{"href":"https:\/\/culinotopia.com\/index.php\/wp-json\/wp\/v2\/types\/page"}],"author":[{"embeddable":true,"href":"https:\/\/culinotopia.com\/index.php\/wp-json\/wp\/v2\/users\/1"}],"replies":[{"embeddable":true,"href":"https:\/\/culinotopia.com\/index.php\/wp-json\/wp\/v2\/comments?post=8"}],"version-history":[{"count":6,"href":"https:\/\/culinotopia.com\/index.php\/wp-json\/wp\/v2\/pages\/8\/revisions"}],"predecessor-version":[{"id":6657,"href":"https:\/\/culinotopia.com\/index.php\/wp-json\/wp\/v2\/pages\/8\/revisions\/6657"}],"wp:featuredmedia":[{"embeddable":true,"href":"https:\/\/culinotopia.com\/index.php\/wp-json\/wp\/v2\/media\/37"}],"wp:attachment":[{"href":"https:\/\/culinotopia.com\/index.php\/wp-json\/wp\/v2\/media?parent=8"}],"curies":[{"name":"wp","href":"https:\/\/api.w.org\/{rel}","templated":true}]}}